{"id":1431,"date":"2020-04-09T11:01:36","date_gmt":"2020-04-09T11:01:36","guid":{"rendered":"https:\/\/clinicaviher.com\/?page_id=1431"},"modified":"2023-09-18T14:17:34","modified_gmt":"2023-09-18T12:17:34","slug":"citas","status":"publish","type":"page","link":"https:\/\/clinicaviher.com\/cat\/citas\/","title":{"rendered":"Cites"},"content":{"rendered":"\t\t<div data-elementor-type=\"wp-page\" data-elementor-id=\"1431\" class=\"elementor elementor-1431\">\n\t\t\t\t\t\t\t\t\t<section class=\"elementor-section elementor-top-section elementor-element elementor-element-13482028 elementor-section-stretched elementor-section-boxed elementor-section-height-default elementor-section-height-default\" data-id=\"13482028\" data-element_type=\"section\" data-settings=\"{&quot;stretch_section&quot;:&quot;section-stretched&quot;,&quot;background_background&quot;:&quot;classic&quot;}\">\n\t\t\t\t\t\t<div class=\"elementor-container elementor-column-gap-default\">\n\t\t\t\t\t<div class=\"elementor-column elementor-col-100 elementor-top-column elementor-element elementor-element-65b9356e\" data-id=\"65b9356e\" data-element_type=\"column\">\n\t\t\t<div class=\"elementor-widget-wrap elementor-element-populated\">\n\t\t\t\t\t\t\t\t<div class=\"elementor-element elementor-element-5dd90e69 elementor-widget elementor-widget-heading\" data-id=\"5dd90e69\" data-element_type=\"widget\" data-widget_type=\"heading.default\">\n\t\t\t\t<div class=\"elementor-widget-container\">\n\t\t\t<style>\/*! elementor - v3.13.3 - 28-05-2023 *\/\n.elementor-heading-title{padding:0;margin:0;line-height:1}.elementor-widget-heading .elementor-heading-title[class*=elementor-size-]>a{color:inherit;font-size:inherit;line-height:inherit}.elementor-widget-heading .elementor-heading-title.elementor-size-small{font-size:15px}.elementor-widget-heading .elementor-heading-title.elementor-size-medium{font-size:19px}.elementor-widget-heading .elementor-heading-title.elementor-size-large{font-size:29px}.elementor-widget-heading .elementor-heading-title.elementor-size-xl{font-size:39px}.elementor-widget-heading .elementor-heading-title.elementor-size-xxl{font-size:59px}<\/style><h1 class=\"elementor-heading-title elementor-size-default\">Demana la teva Ter\u00e0pia Online<\/h1>\t\t<\/div>\n\t\t\t\t<\/div>\n\t\t\t\t\t<\/div>\n\t\t<\/div>\n\t\t\t\t\t\t\t<\/div>\n\t\t<\/section>\n\t\t\t\t<section class=\"elementor-section elementor-top-section elementor-element elementor-element-4a16a8e3 elementor-section-boxed elementor-section-height-default elementor-section-height-default\" data-id=\"4a16a8e3\" data-element_type=\"section\">\n\t\t\t\t\t\t<div class=\"elementor-container elementor-column-gap-default\">\n\t\t\t\t\t<div class=\"elementor-column elementor-col-100 elementor-top-column elementor-element elementor-element-7200aa8\" data-id=\"7200aa8\" data-element_type=\"column\">\n\t\t\t<div class=\"elementor-widget-wrap elementor-element-populated\">\n\t\t\t\t\t\t\t\t<div class=\"elementor-element elementor-element-4a0f87b1 elementor-widget elementor-widget-text-editor\" data-id=\"4a0f87b1\" data-element_type=\"widget\" data-widget_type=\"text-editor.default\">\n\t\t\t\t<div class=\"elementor-widget-container\">\n\t\t\t<style>\/*! elementor - v3.13.3 - 28-05-2023 *\/\n.elementor-widget-text-editor.elementor-drop-cap-view-stacked .elementor-drop-cap{background-color:#69727d;color:#fff}.elementor-widget-text-editor.elementor-drop-cap-view-framed .elementor-drop-cap{color:#69727d;border:3px solid;background-color:transparent}.elementor-widget-text-editor:not(.elementor-drop-cap-view-default) .elementor-drop-cap{margin-top:8px}.elementor-widget-text-editor:not(.elementor-drop-cap-view-default) .elementor-drop-cap-letter{width:1em;height:1em}.elementor-widget-text-editor .elementor-drop-cap{float:left;text-align:center;line-height:1;font-size:50px}.elementor-widget-text-editor .elementor-drop-cap-letter{display:inline-block}<\/style>\t\t\t\t<p>Completa el seg\u00fcent formulari per contractar la sessi\u00f3 de Ter\u00e0pia Online amb nosaltres. Segueix tots els passos.<\/p>\t\t\t\t\t\t<\/div>\n\t\t\t\t<\/div>\n\t\t\t\t<div class=\"elementor-element elementor-element-d38b80b elementor-widget elementor-widget-button\" data-id=\"d38b80b\" data-element_type=\"widget\" data-widget_type=\"button.default\">\n\t\t\t\t<div class=\"elementor-widget-container\">\n\t\t\t\t\t<div class=\"elementor-button-wrapper\">\n\t\t\t<a href=\"https:\/\/clinicaviher.com\/citas\/\" class=\"elementor-button-link elementor-button elementor-size-sm\" role=\"button\">\n\t\t\t\t\t\t<span class=\"elementor-button-content-wrapper\">\n\t\t\t\t\t\t<span class=\"elementor-button-text\">Reserva cita<\/span>\n\t\t<\/span>\n\t\t\t\t\t<\/a>\n\t\t<\/div>\n\t\t\t\t<\/div>\n\t\t\t\t<\/div>\n\t\t\t\t\t<\/div>\n\t\t<\/div>\n\t\t\t\t\t\t\t<\/div>\n\t\t<\/section>\n\t\t\t\t\t\t\t<\/div>\n\t\t","protected":false},"excerpt":{"rendered":"<p>Demana la teva Ter\u00e0pia Online Completa el seg\u00fcent formulari per contractar la sessi\u00f3 de Ter\u00e0pia Online amb nosaltres. Segueix tots els passos. Reserva cita<\/p>\n","protected":false},"author":1,"featured_media":0,"parent":0,"menu_order":0,"comment_status":"closed","ping_status":"closed","template":"elementor_header_footer","meta":{"site-sidebar-layout":"default","site-content-layout":"default","ast-global-header-display":"","ast-banner-title-visibility":"","ast-main-header-display":"","ast-hfb-above-header-display":"","ast-hfb-below-header-display":"","ast-hfb-mobile-header-display":"","site-post-title":"","ast-breadcrumbs-content":"","ast-featured-img":"","footer-sml-layout":"","theme-transparent-header-meta":"default","adv-header-id-meta":"","stick-header-meta":"default","header-above-stick-meta":"","header-main-stick-meta":"","header-below-stick-meta":"","footnotes":""},"class_list":["post-1431","page","type-page","status-publish","hentry"],"yoast_head":"<!-- This site is optimized with the Yoast SEO plugin v27.5 - https:\/\/yoast.com\/product\/yoast-seo-wordpress\/ -->\n<title>Demana la teva cita online. Psicologia en l\u00ednia<\/title>\n<meta name=\"description\" content=\"CL\u00cdNICA VIHER. Disposes d&#039;un professional en l\u00ednia per resoldre els teus dubtes. Demana la teva cita. Psic\u00f2leg en l\u00ednia. Ter\u00e0pia per skype i\/o videoconfer\u00e8ncia\" \/>\n<meta name=\"robots\" content=\"index, follow, max-snippet:-1, max-image-preview:large, max-video-preview:-1\" \/>\n<link rel=\"canonical\" href=\"https:\/\/clinicaviher.com\/cat\/citas\/\" \/>\n<meta property=\"og:locale\" content=\"es_ES\" \/>\n<meta property=\"og:type\" content=\"article\" \/>\n<meta property=\"og:title\" content=\"Demana la teva cita online. Psicologia en l\u00ednia\" \/>\n<meta property=\"og:description\" content=\"CL\u00cdNICA VIHER. Disposes d&#039;un professional en l\u00ednia per resoldre els teus dubtes. Demana la teva cita. Psic\u00f2leg en l\u00ednia. Ter\u00e0pia per skype i\/o videoconfer\u00e8ncia\" \/>\n<meta property=\"og:url\" content=\"https:\/\/clinicaviher.com\/cat\/citas\/\" \/>\n<meta property=\"og:site_name\" content=\"Cl\u00ednica Viher\" \/>\n<meta property=\"article:modified_time\" content=\"2023-09-18T12:17:34+00:00\" \/>\n<meta name=\"twitter:card\" content=\"summary_large_image\" \/>\n<meta name=\"twitter:label1\" content=\"Tiempo de lectura\" \/>\n\t<meta name=\"twitter:data1\" content=\"1 minuto\" \/>\n<script type=\"application\/ld+json\" class=\"yoast-schema-graph\">{\"@context\":\"https:\\\/\\\/schema.org\",\"@graph\":[{\"@type\":\"WebPage\",\"@id\":\"https:\\\/\\\/clinicaviher.com\\\/cat\\\/citas\\\/\",\"url\":\"https:\\\/\\\/clinicaviher.com\\\/cat\\\/citas\\\/\",\"name\":\"Demana la teva cita online. Psicologia en l\u00ednia\",\"isPartOf\":{\"@id\":\"https:\\\/\\\/clinicaviher.com\\\/cat\\\/#website\"},\"datePublished\":\"2020-04-09T11:01:36+00:00\",\"dateModified\":\"2023-09-18T12:17:34+00:00\",\"description\":\"CL\u00cdNICA VIHER. Disposes d'un professional en l\u00ednia per resoldre els teus dubtes. Demana la teva cita. Psic\u00f2leg en l\u00ednia. Ter\u00e0pia per skype i\\\/o videoconfer\u00e8ncia\",\"breadcrumb\":{\"@id\":\"https:\\\/\\\/clinicaviher.com\\\/cat\\\/citas\\\/#breadcrumb\"},\"inLanguage\":\"es\",\"potentialAction\":[{\"@type\":\"ReadAction\",\"target\":[\"https:\\\/\\\/clinicaviher.com\\\/cat\\\/citas\\\/\"]}]},{\"@type\":\"BreadcrumbList\",\"@id\":\"https:\\\/\\\/clinicaviher.com\\\/cat\\\/citas\\\/#breadcrumb\",\"itemListElement\":[{\"@type\":\"ListItem\",\"position\":1,\"name\":\"Portada\",\"item\":\"https:\\\/\\\/clinicaviher.com\\\/cat\\\/\"},{\"@type\":\"ListItem\",\"position\":2,\"name\":\"Cites\"}]},{\"@type\":\"WebSite\",\"@id\":\"https:\\\/\\\/clinicaviher.com\\\/cat\\\/#website\",\"url\":\"https:\\\/\\\/clinicaviher.com\\\/cat\\\/\",\"name\":\"Cl\u00ednica Viher\",\"description\":\"Si buscas un psic\u00f3logo en Barcelona, contamos con algunos de los mejores profesionales en psicolog\u00eda, psicoterapia y psicoan\u00e1lisis\",\"publisher\":{\"@id\":\"https:\\\/\\\/clinicaviher.com\\\/cat\\\/#organization\"},\"potentialAction\":[{\"@type\":\"SearchAction\",\"target\":{\"@type\":\"EntryPoint\",\"urlTemplate\":\"https:\\\/\\\/clinicaviher.com\\\/cat\\\/?s={search_term_string}\"},\"query-input\":{\"@type\":\"PropertyValueSpecification\",\"valueRequired\":true,\"valueName\":\"search_term_string\"}}],\"inLanguage\":\"es\"},{\"@type\":\"Organization\",\"@id\":\"https:\\\/\\\/clinicaviher.com\\\/cat\\\/#organization\",\"name\":\"Cl\u00ednica Viher\",\"url\":\"https:\\\/\\\/clinicaviher.com\\\/cat\\\/\",\"logo\":{\"@type\":\"ImageObject\",\"inLanguage\":\"es\",\"@id\":\"https:\\\/\\\/clinicaviher.com\\\/cat\\\/#\\\/schema\\\/logo\\\/image\\\/\",\"url\":\"https:\\\/\\\/clinicaviher.com\\\/cat\\\/wp-content\\\/uploads\\\/2019\\\/02\\\/logoviher-new-web.png\",\"contentUrl\":\"https:\\\/\\\/clinicaviher.com\\\/cat\\\/wp-content\\\/uploads\\\/2019\\\/02\\\/logoviher-new-web.png\",\"width\":240,\"height\":52,\"caption\":\"Cl\u00ednica Viher\"},\"image\":{\"@id\":\"https:\\\/\\\/clinicaviher.com\\\/cat\\\/#\\\/schema\\\/logo\\\/image\\\/\"}}]}<\/script>\n<!-- \/ Yoast SEO plugin. -->","yoast_head_json":{"title":"Demana la teva cita online. Psicologia en l\u00ednia","description":"CL\u00cdNICA VIHER. Disposes d'un professional en l\u00ednia per resoldre els teus dubtes. Demana la teva cita. Psic\u00f2leg en l\u00ednia. Ter\u00e0pia per skype i\/o videoconfer\u00e8ncia","robots":{"index":"index","follow":"follow","max-snippet":"max-snippet:-1","max-image-preview":"max-image-preview:large","max-video-preview":"max-video-preview:-1"},"canonical":"https:\/\/clinicaviher.com\/cat\/citas\/","og_locale":"es_ES","og_type":"article","og_title":"Demana la teva cita online. Psicologia en l\u00ednia","og_description":"CL\u00cdNICA VIHER. Disposes d'un professional en l\u00ednia per resoldre els teus dubtes. Demana la teva cita. Psic\u00f2leg en l\u00ednia. Ter\u00e0pia per skype i\/o videoconfer\u00e8ncia","og_url":"https:\/\/clinicaviher.com\/cat\/citas\/","og_site_name":"Cl\u00ednica Viher","article_modified_time":"2023-09-18T12:17:34+00:00","twitter_card":"summary_large_image","twitter_misc":{"Tiempo de lectura":"1 minuto"},"schema":{"@context":"https:\/\/schema.org","@graph":[{"@type":"WebPage","@id":"https:\/\/clinicaviher.com\/cat\/citas\/","url":"https:\/\/clinicaviher.com\/cat\/citas\/","name":"Demana la teva cita online. Psicologia en l\u00ednia","isPartOf":{"@id":"https:\/\/clinicaviher.com\/cat\/#website"},"datePublished":"2020-04-09T11:01:36+00:00","dateModified":"2023-09-18T12:17:34+00:00","description":"CL\u00cdNICA VIHER. Disposes d'un professional en l\u00ednia per resoldre els teus dubtes. Demana la teva cita. Psic\u00f2leg en l\u00ednia. Ter\u00e0pia per skype i\/o videoconfer\u00e8ncia","breadcrumb":{"@id":"https:\/\/clinicaviher.com\/cat\/citas\/#breadcrumb"},"inLanguage":"es","potentialAction":[{"@type":"ReadAction","target":["https:\/\/clinicaviher.com\/cat\/citas\/"]}]},{"@type":"BreadcrumbList","@id":"https:\/\/clinicaviher.com\/cat\/citas\/#breadcrumb","itemListElement":[{"@type":"ListItem","position":1,"name":"Portada","item":"https:\/\/clinicaviher.com\/cat\/"},{"@type":"ListItem","position":2,"name":"Cites"}]},{"@type":"WebSite","@id":"https:\/\/clinicaviher.com\/cat\/#website","url":"https:\/\/clinicaviher.com\/cat\/","name":"Cl\u00ednica Viher","description":"Si buscas un psic\u00f3logo en Barcelona, contamos con algunos de los mejores profesionales en psicolog\u00eda, psicoterapia y psicoan\u00e1lisis","publisher":{"@id":"https:\/\/clinicaviher.com\/cat\/#organization"},"potentialAction":[{"@type":"SearchAction","target":{"@type":"EntryPoint","urlTemplate":"https:\/\/clinicaviher.com\/cat\/?s={search_term_string}"},"query-input":{"@type":"PropertyValueSpecification","valueRequired":true,"valueName":"search_term_string"}}],"inLanguage":"es"},{"@type":"Organization","@id":"https:\/\/clinicaviher.com\/cat\/#organization","name":"Cl\u00ednica Viher","url":"https:\/\/clinicaviher.com\/cat\/","logo":{"@type":"ImageObject","inLanguage":"es","@id":"https:\/\/clinicaviher.com\/cat\/#\/schema\/logo\/image\/","url":"https:\/\/clinicaviher.com\/cat\/wp-content\/uploads\/2019\/02\/logoviher-new-web.png","contentUrl":"https:\/\/clinicaviher.com\/cat\/wp-content\/uploads\/2019\/02\/logoviher-new-web.png","width":240,"height":52,"caption":"Cl\u00ednica Viher"},"image":{"@id":"https:\/\/clinicaviher.com\/cat\/#\/schema\/logo\/image\/"}}]}},"_links":{"self":[{"href":"https:\/\/clinicaviher.com\/cat\/wp-json\/wp\/v2\/pages\/1431","targetHints":{"allow":["GET"]}}],"collection":[{"href":"https:\/\/clinicaviher.com\/cat\/wp-json\/wp\/v2\/pages"}],"about":[{"href":"https:\/\/clinicaviher.com\/cat\/wp-json\/wp\/v2\/types\/page"}],"author":[{"embeddable":true,"href":"https:\/\/clinicaviher.com\/cat\/wp-json\/wp\/v2\/users\/1"}],"replies":[{"embeddable":true,"href":"https:\/\/clinicaviher.com\/cat\/wp-json\/wp\/v2\/comments?post=1431"}],"version-history":[{"count":25,"href":"https:\/\/clinicaviher.com\/cat\/wp-json\/wp\/v2\/pages\/1431\/revisions"}],"predecessor-version":[{"id":2657,"href":"https:\/\/clinicaviher.com\/cat\/wp-json\/wp\/v2\/pages\/1431\/revisions\/2657"}],"wp:attachment":[{"href":"https:\/\/clinicaviher.com\/cat\/wp-json\/wp\/v2\/media?parent=1431"}],"curies":[{"name":"wp","href":"https:\/\/api.w.org\/{rel}","templated":true}]}}