{"id":790,"date":"2018-09-19T09:05:41","date_gmt":"2018-09-19T09:05:41","guid":{"rendered":"https:\/\/clinicaviher.com\/?page_id=790"},"modified":"2023-07-27T11:22:59","modified_gmt":"2023-07-27T09:22:59","slug":"psicolegs-ejaculacio-precoc","status":"publish","type":"page","link":"https:\/\/clinicaviher.com\/cat\/psicolegs-ejaculacio-precoc\/","title":{"rendered":"Eyaculaci\u00f3n precoz"},"content":{"rendered":"\t\t<div data-elementor-type=\"wp-page\" data-elementor-id=\"790\" class=\"elementor elementor-790\">\n\t\t\t\t\t\t\t\t\t<section class=\"elementor-section elementor-top-section elementor-element elementor-element-29502a71 elementor-section-stretched elementor-section-boxed elementor-section-height-default elementor-section-height-default\" data-id=\"29502a71\" data-element_type=\"section\" data-settings=\"{&quot;stretch_section&quot;:&quot;section-stretched&quot;,&quot;background_background&quot;:&quot;classic&quot;}\">\n\t\t\t\t\t\t<div class=\"elementor-container elementor-column-gap-default\">\n\t\t\t\t\t<div class=\"elementor-column elementor-col-100 elementor-top-column elementor-element elementor-element-7d050446\" data-id=\"7d050446\" data-element_type=\"column\">\n\t\t\t<div class=\"elementor-widget-wrap elementor-element-populated\">\n\t\t\t\t\t\t\t\t<div class=\"elementor-element elementor-element-4519ce96 elementor-widget elementor-widget-heading\" data-id=\"4519ce96\" data-element_type=\"widget\" data-widget_type=\"heading.default\">\n\t\t\t\t<div class=\"elementor-widget-container\">\n\t\t\t<style>\/*! elementor - v3.13.3 - 28-05-2023 *\/\n.elementor-heading-title{padding:0;margin:0;line-height:1}.elementor-widget-heading .elementor-heading-title[class*=elementor-size-]>a{color:inherit;font-size:inherit;line-height:inherit}.elementor-widget-heading .elementor-heading-title.elementor-size-small{font-size:15px}.elementor-widget-heading .elementor-heading-title.elementor-size-medium{font-size:19px}.elementor-widget-heading .elementor-heading-title.elementor-size-large{font-size:29px}.elementor-widget-heading .elementor-heading-title.elementor-size-xl{font-size:39px}.elementor-widget-heading .elementor-heading-title.elementor-size-xxl{font-size:59px}<\/style><h1 class=\"elementor-heading-title elementor-size-default\">Psic\u00f2leg ejaculaci\u00f3 preco\u00e7\n<\/h1>\t\t<\/div>\n\t\t\t\t<\/div>\n\t\t\t\t\t<\/div>\n\t\t<\/div>\n\t\t\t\t\t\t\t<\/div>\n\t\t<\/section>\n\t\t\t\t<section class=\"elementor-section elementor-top-section elementor-element elementor-element-7c6b3fd0 elementor-section-boxed elementor-section-height-default elementor-section-height-default\" data-id=\"7c6b3fd0\" data-element_type=\"section\">\n\t\t\t\t\t\t<div class=\"elementor-container elementor-column-gap-default\">\n\t\t\t\t\t<div class=\"elementor-column elementor-col-100 elementor-top-column elementor-element elementor-element-2959a73a\" data-id=\"2959a73a\" data-element_type=\"column\">\n\t\t\t<div class=\"elementor-widget-wrap elementor-element-populated\">\n\t\t\t\t\t\t\t\t<div class=\"elementor-element elementor-element-4377aa3c elementor-widget elementor-widget-text-editor\" data-id=\"4377aa3c\" data-element_type=\"widget\" data-widget_type=\"text-editor.default\">\n\t\t\t\t<div class=\"elementor-widget-container\">\n\t\t\t<style>\/*! elementor - v3.13.3 - 28-05-2023 *\/\n.elementor-widget-text-editor.elementor-drop-cap-view-stacked .elementor-drop-cap{background-color:#69727d;color:#fff}.elementor-widget-text-editor.elementor-drop-cap-view-framed .elementor-drop-cap{color:#69727d;border:3px solid;background-color:transparent}.elementor-widget-text-editor:not(.elementor-drop-cap-view-default) .elementor-drop-cap{margin-top:8px}.elementor-widget-text-editor:not(.elementor-drop-cap-view-default) .elementor-drop-cap-letter{width:1em;height:1em}.elementor-widget-text-editor .elementor-drop-cap{float:left;text-align:center;line-height:1;font-size:50px}.elementor-widget-text-editor .elementor-drop-cap-letter{display:inline-block}<\/style>\t\t\t\t<p><span>L&#8217;&nbsp;<\/span><b><span>ejaculaci\u00f3 preco\u00e7&nbsp;<\/span><\/b><span>\u00e9s el&nbsp;<\/span><b><span>trastorn sexual&nbsp;<\/span><\/b><span>m\u00e9s freq\u00fcent en homes; es considera que el pateixen al voltant d&#8217;un 30%.&nbsp;L&#8217;&nbsp;<\/span><b><span>ejaculaci\u00f3 preco\u00e7&nbsp;<\/span><\/b><span>est\u00e0 fortament relacionada amb aspectes psicol\u00f2gics, tant en les causes com en les conseq\u00fc\u00e8ncies.&nbsp;La&nbsp;<\/span><b><span>ter\u00e0pia psicologia per a l&#8217;ejaculaci\u00f3 preco\u00e7&nbsp;<\/span><\/b><span>pot ajudar a descobrir les causes i a pal\u00b7liar-ne les conseq\u00fc\u00e8ncies.&nbsp;<\/span><b><span>Els millors sex\u00f2legs de Barcelona&nbsp;<\/span><\/b><span>s\u00f3n aquells que fan un tractament individualitzat despr\u00e9s d&#8217;una fase de diagn\u00f2stic.<\/span><\/p>\t\t\t\t\t\t<\/div>\n\t\t\t\t<\/div>\n\t\t\t\t<section class=\"elementor-section elementor-inner-section elementor-element elementor-element-3c0cc24d elementor-section-content-middle elementor-section-boxed elementor-section-height-default elementor-section-height-default\" data-id=\"3c0cc24d\" data-element_type=\"section\">\n\t\t\t\t\t\t<div class=\"elementor-container elementor-column-gap-default\">\n\t\t\t\t\t<div class=\"elementor-column elementor-col-50 elementor-inner-column elementor-element elementor-element-601d3cce\" data-id=\"601d3cce\" data-element_type=\"column\">\n\t\t\t<div class=\"elementor-widget-wrap elementor-element-populated\">\n\t\t\t\t\t\t\t\t<div class=\"elementor-element elementor-element-584b0f89 elementor-widget elementor-widget-heading\" data-id=\"584b0f89\" data-element_type=\"widget\" data-widget_type=\"heading.default\">\n\t\t\t\t<div class=\"elementor-widget-container\">\n\t\t\t<h2 class=\"elementor-heading-title elementor-size-default\">Sex\u00f2legs Barcelona\n<\/h2>\t\t<\/div>\n\t\t\t\t<\/div>\n\t\t\t\t<div class=\"elementor-element elementor-element-62fdc649 elementor-widget elementor-widget-text-editor\" data-id=\"62fdc649\" data-element_type=\"widget\" data-widget_type=\"text-editor.default\">\n\t\t\t\t<div class=\"elementor-widget-container\">\n\t\t\t\t\t\t\t<p><span>Si us heu decidit a contactar amb un\u00a0<\/span><b><span>sex\u00f2leg\u00a0<\/span><\/b><span>o\u00a0<\/span><b><span>sex\u00f2loga a Barcelona\u00a0<\/span><\/b><span>per al\u00a0<\/span><b><span>tractament de l&#8217;ejaculaci\u00f3 preco\u00e7\u00a0<\/span><\/b><span>, \u00e9s important saber que els\u00a0<\/span><b><span>millors sex\u00f2legs de Barcelona\u00a0<\/span><\/b><span>seran aquells que apostin per individualitzar el tractament, adaptant-lo a la singularitat de cada persona.\u00a0Els\u00a0<\/span><b><span>psic\u00f2legs\u00a0<\/span><\/b><b><span>especialistes en ter\u00e0pia per a l&#8217;ejaculaci\u00f3 preco\u00e7\u00a0<\/span><\/b><span>, de vegades han de treballar de manera coordinada amb altres especialistes, ja que de vegades l&#8217;ejaculaci\u00f3 preco\u00e7 poden ser abordada per diferents facultatius.<\/span><\/p>\t\t\t\t\t\t<\/div>\n\t\t\t\t<\/div>\n\t\t\t\t\t<\/div>\n\t\t<\/div>\n\t\t\t\t<div class=\"elementor-column elementor-col-50 elementor-inner-column elementor-element elementor-element-3f525d97\" data-id=\"3f525d97\" data-element_type=\"column\">\n\t\t\t<div class=\"elementor-widget-wrap elementor-element-populated\">\n\t\t\t\t\t\t\t\t<div class=\"elementor-element elementor-element-2a838714 elementor-widget elementor-widget-image\" data-id=\"2a838714\" data-element_type=\"widget\" data-widget_type=\"image.default\">\n\t\t\t\t<div class=\"elementor-widget-container\">\n\t\t\t<style>\/*! elementor - v3.13.3 - 28-05-2023 *\/\n.elementor-widget-image{text-align:center}.elementor-widget-image a{display:inline-block}.elementor-widget-image a img[src$=\".svg\"]{width:48px}.elementor-widget-image img{vertical-align:middle;display:inline-block}<\/style>\t\t\t\t\t\t\t\t\t\t\t\t<img loading=\"lazy\" decoding=\"async\" width=\"851\" height=\"684\" src=\"https:\/\/clinicaviher.com\/cat\/wp-content\/uploads\/2023\/06\/psicologo-eyaculacion-precoz.webp\" class=\"attachment-large size-large wp-image-2037\" alt=\"psicologo eyaculacion precoz\" srcset=\"https:\/\/clinicaviher.com\/cat\/wp-content\/uploads\/2023\/06\/psicologo-eyaculacion-precoz.webp 851w, https:\/\/clinicaviher.com\/cat\/wp-content\/uploads\/2023\/06\/psicologo-eyaculacion-precoz-300x241.webp 300w, https:\/\/clinicaviher.com\/cat\/wp-content\/uploads\/2023\/06\/psicologo-eyaculacion-precoz-768x617.webp 768w, https:\/\/clinicaviher.com\/cat\/wp-content\/uploads\/2023\/06\/psicologo-eyaculacion-precoz-600x482.webp 600w\" sizes=\"(max-width: 851px) 100vw, 851px\" \/>\t\t\t\t\t\t\t\t\t\t\t\t\t\t\t<\/div>\n\t\t\t\t<\/div>\n\t\t\t\t\t<\/div>\n\t\t<\/div>\n\t\t\t\t\t\t\t<\/div>\n\t\t<\/section>\n\t\t\t\t\t<\/div>\n\t\t<\/div>\n\t\t\t\t\t\t\t<\/div>\n\t\t<\/section>\n\t\t\t\t<section class=\"elementor-section elementor-top-section elementor-element elementor-element-4619e1c2 elementor-section-stretched elementor-section-boxed elementor-section-height-default elementor-section-height-default\" data-id=\"4619e1c2\" data-element_type=\"section\" data-settings=\"{&quot;stretch_section&quot;:&quot;section-stretched&quot;,&quot;background_background&quot;:&quot;classic&quot;}\">\n\t\t\t\t\t\t<div class=\"elementor-container elementor-column-gap-default\">\n\t\t\t\t\t<div class=\"elementor-column elementor-col-100 elementor-top-column elementor-element elementor-element-25e5d5f3\" data-id=\"25e5d5f3\" data-element_type=\"column\">\n\t\t\t<div class=\"elementor-widget-wrap elementor-element-populated\">\n\t\t\t\t\t\t\t\t<div class=\"elementor-element elementor-element-75ae8032 elementor-widget elementor-widget-heading\" data-id=\"75ae8032\" data-element_type=\"widget\" data-widget_type=\"heading.default\">\n\t\t\t\t<div class=\"elementor-widget-container\">\n\t\t\t<h2 class=\"elementor-heading-title elementor-size-default\">Ejaculaci\u00f3 preco\u00e7 causa i tractament\n<\/h2>\t\t<\/div>\n\t\t\t\t<\/div>\n\t\t\t\t<div class=\"elementor-element elementor-element-83a0071 elementor-widget elementor-widget-text-editor\" data-id=\"83a0071\" data-element_type=\"widget\" data-widget_type=\"text-editor.default\">\n\t\t\t\t<div class=\"elementor-widget-container\">\n\t\t\t\t\t\t\t<p><span>Les causes dels\u00a0<\/span><b><span>trastorns sexuals\u00a0<\/span><\/b><span>poden donar-se per un factor psic\u00f2gen o psicol\u00f2gic (estr\u00e8s, manca de seguretat, preocupacions de qualsevol tipus, cap\u00edtols depressius, ansietat o baixa autoestima), per un factor org\u00e0nic o una barreja de tots dos.\u00a0Aix\u00f2 darrer fa refer\u00e8ncia als anomenats factors combinats o associats, que tenen un factor psicol\u00f2gic per\u00f2 que el seu origen pot estar en alguna cosa f\u00edsica (un ab\u00fas, mala imatge corporal\u2026).<\/span><\/p>\t\t\t\t\t\t<\/div>\n\t\t\t\t<\/div>\n\t\t\t\t\t<\/div>\n\t\t<\/div>\n\t\t\t\t\t\t\t<\/div>\n\t\t<\/section>\n\t\t\t\t<section class=\"elementor-section elementor-top-section elementor-element elementor-element-130b437e elementor-section-stretched elementor-section-boxed elementor-section-height-default elementor-section-height-default\" data-id=\"130b437e\" data-element_type=\"section\" data-settings=\"{&quot;stretch_section&quot;:&quot;section-stretched&quot;}\">\n\t\t\t\t\t\t<div class=\"elementor-container elementor-column-gap-default\">\n\t\t\t\t\t<div class=\"elementor-column elementor-col-50 elementor-top-column elementor-element elementor-element-20f5dd42\" data-id=\"20f5dd42\" data-element_type=\"column\">\n\t\t\t<div class=\"elementor-widget-wrap elementor-element-populated\">\n\t\t\t\t\t\t\t\t<div class=\"elementor-element elementor-element-7ce28474 elementor-widget elementor-widget-image\" data-id=\"7ce28474\" data-element_type=\"widget\" data-widget_type=\"image.default\">\n\t\t\t\t<div class=\"elementor-widget-container\">\n\t\t\t\t\t\t\t\t\t\t\t\t\t\t\t\t<a href=\"\/quienes-somos\/\">\n\t\t\t\t\t\t\t<img loading=\"lazy\" decoding=\"async\" width=\"1400\" height=\"500\" src=\"https:\/\/clinicaviher.com\/cat\/wp-content\/uploads\/2023\/06\/ficha-Sergi.webp\" class=\"attachment-full size-full wp-image-1728\" alt=\"ver ficha de Sergi Vilardell\" srcset=\"https:\/\/clinicaviher.com\/cat\/wp-content\/uploads\/2023\/06\/ficha-Sergi.webp 1400w, https:\/\/clinicaviher.com\/cat\/wp-content\/uploads\/2023\/06\/ficha-Sergi-300x107.webp 300w, https:\/\/clinicaviher.com\/cat\/wp-content\/uploads\/2023\/06\/ficha-Sergi-1024x366.webp 1024w, https:\/\/clinicaviher.com\/cat\/wp-content\/uploads\/2023\/06\/ficha-Sergi-768x274.webp 768w, https:\/\/clinicaviher.com\/cat\/wp-content\/uploads\/2023\/06\/ficha-Sergi-600x214.webp 600w\" sizes=\"(max-width: 1400px) 100vw, 1400px\" \/>\t\t\t\t\t\t\t\t<\/a>\n\t\t\t\t\t\t\t\t\t\t\t\t\t\t\t<\/div>\n\t\t\t\t<\/div>\n\t\t\t\t\t<\/div>\n\t\t<\/div>\n\t\t\t\t<div class=\"elementor-column elementor-col-50 elementor-top-column elementor-element elementor-element-7ec7adc5\" data-id=\"7ec7adc5\" data-element_type=\"column\">\n\t\t\t<div class=\"elementor-widget-wrap elementor-element-populated\">\n\t\t\t\t\t\t\t\t<div class=\"elementor-element elementor-element-10b25073 elementor-widget elementor-widget-image\" data-id=\"10b25073\" data-element_type=\"widget\" data-widget_type=\"image.default\">\n\t\t\t\t<div class=\"elementor-widget-container\">\n\t\t\t\t\t\t\t\t\t\t\t\t\t\t\t\t<a href=\"\/quienes-somos\/\">\n\t\t\t\t\t\t\t<img loading=\"lazy\" decoding=\"async\" width=\"1400\" height=\"500\" src=\"https:\/\/clinicaviher.com\/cat\/wp-content\/uploads\/2023\/06\/mila-ficha.webp\" class=\"attachment-full size-full wp-image-1729\" alt=\"ver ficha de Mila Herrera\" srcset=\"https:\/\/clinicaviher.com\/cat\/wp-content\/uploads\/2023\/06\/mila-ficha.webp 1400w, https:\/\/clinicaviher.com\/cat\/wp-content\/uploads\/2023\/06\/mila-ficha-300x107.webp 300w, https:\/\/clinicaviher.com\/cat\/wp-content\/uploads\/2023\/06\/mila-ficha-1024x366.webp 1024w, https:\/\/clinicaviher.com\/cat\/wp-content\/uploads\/2023\/06\/mila-ficha-768x274.webp 768w, https:\/\/clinicaviher.com\/cat\/wp-content\/uploads\/2023\/06\/mila-ficha-600x214.webp 600w\" sizes=\"(max-width: 1400px) 100vw, 1400px\" \/>\t\t\t\t\t\t\t\t<\/a>\n\t\t\t\t\t\t\t\t\t\t\t\t\t\t\t<\/div>\n\t\t\t\t<\/div>\n\t\t\t\t\t<\/div>\n\t\t<\/div>\n\t\t\t\t\t\t\t<\/div>\n\t\t<\/section>\n\t\t\t\t\t\t\t<\/div>\n\t\t","protected":false},"excerpt":{"rendered":"<p>Psic\u00f2leg ejaculaci\u00f3 preco\u00e7 L&#8217;&nbsp;ejaculaci\u00f3 preco\u00e7&nbsp;\u00e9s el&nbsp;trastorn sexual&nbsp;m\u00e9s freq\u00fcent en homes; es considera que el pateixen al voltant d&#8217;un 30%.&nbsp;L&#8217;&nbsp;ejaculaci\u00f3 preco\u00e7&nbsp;est\u00e0 fortament relacionada amb aspectes psicol\u00f2gics, tant en les causes com en les conseq\u00fc\u00e8ncies.&nbsp;La&nbsp;ter\u00e0pia psicologia per a l&#8217;ejaculaci\u00f3 preco\u00e7&nbsp;pot ajudar a descobrir les causes i a pal\u00b7liar-ne les conseq\u00fc\u00e8ncies.&nbsp;Els millors sex\u00f2legs de Barcelona&nbsp;s\u00f3n aquells que fan &hellip;<\/p>\n<p class=\"read-more\"> <a class=\"\" href=\"https:\/\/clinicaviher.com\/cat\/psicolegs-ejaculacio-precoc\/\"> <span class=\"screen-reader-text\">Eyaculaci\u00f3n precoz<\/span> Leer m\u00e1s &raquo;<\/a><\/p>\n","protected":false},"author":1,"featured_media":0,"parent":0,"menu_order":0,"comment_status":"closed","ping_status":"closed","template":"elementor_header_footer","meta":{"site-sidebar-layout":"default","site-content-layout":"default","ast-global-header-display":"","ast-banner-title-visibility":"","ast-main-header-display":"","ast-hfb-above-header-display":"","ast-hfb-below-header-display":"","ast-hfb-mobile-header-display":"","site-post-title":"","ast-breadcrumbs-content":"","ast-featured-img":"","footer-sml-layout":"","theme-transparent-header-meta":"default","adv-header-id-meta":"","stick-header-meta":"default","header-above-stick-meta":"","header-main-stick-meta":"","header-below-stick-meta":"","footnotes":""},"yoast_head":"<!-- This site is optimized with the Yoast SEO plugin v24.3 - https:\/\/yoast.com\/wordpress\/plugins\/seo\/ -->\n<title>Ter\u00e0pia ejaculaci\u00f3 preco\u00e7. Tractament ejaculaci\u00f3 preco\u00e7<\/title>\n<meta name=\"description\" content=\"CL\u00cdNICA VIHER. Cl\u00ednica de psic\u00f2legs especialistes en tractaments d&#039;ejaculaci\u00f3 preco\u00e7. Tractaments i ter\u00e0pies per a l&#039;ejaculaci\u00f3 preco\u00e7\" \/>\n<meta name=\"robots\" content=\"index, follow, max-snippet:-1, max-image-preview:large, max-video-preview:-1\" \/>\n<link rel=\"canonical\" href=\"https:\/\/clinicaviher.com\/cat\/psicolegs-ejaculacio-precoc\/\" \/>\n<meta property=\"og:locale\" content=\"es_ES\" \/>\n<meta property=\"og:type\" content=\"article\" \/>\n<meta property=\"og:title\" content=\"Ter\u00e0pia ejaculaci\u00f3 preco\u00e7. Tractament ejaculaci\u00f3 preco\u00e7\" \/>\n<meta property=\"og:description\" content=\"CL\u00cdNICA VIHER. Cl\u00ednica de psic\u00f2legs especialistes en tractaments d&#039;ejaculaci\u00f3 preco\u00e7. Tractaments i ter\u00e0pies per a l&#039;ejaculaci\u00f3 preco\u00e7\" \/>\n<meta property=\"og:url\" content=\"https:\/\/clinicaviher.com\/cat\/psicolegs-ejaculacio-precoc\/\" \/>\n<meta property=\"og:site_name\" content=\"Cl\u00ednica Viher\" \/>\n<meta property=\"article:modified_time\" content=\"2023-07-27T09:22:59+00:00\" \/>\n<meta property=\"og:image\" content=\"https:\/\/clinicaviher.com\/cat\/wp-content\/uploads\/2023\/06\/psicologo-eyaculacion-precoz.webp\" \/>\n<meta name=\"twitter:card\" content=\"summary_large_image\" \/>\n<meta name=\"twitter:label1\" content=\"Tiempo de lectura\" \/>\n\t<meta name=\"twitter:data1\" content=\"2 minutos\" \/>\n<script type=\"application\/ld+json\" class=\"yoast-schema-graph\">{\"@context\":\"https:\/\/schema.org\",\"@graph\":[{\"@type\":\"WebPage\",\"@id\":\"https:\/\/clinicaviher.com\/cat\/psicolegs-ejaculacio-precoc\/\",\"url\":\"https:\/\/clinicaviher.com\/cat\/psicolegs-ejaculacio-precoc\/\",\"name\":\"Ter\u00e0pia ejaculaci\u00f3 preco\u00e7. Tractament ejaculaci\u00f3 preco\u00e7\",\"isPartOf\":{\"@id\":\"https:\/\/clinicaviher.com\/cat\/#website\"},\"primaryImageOfPage\":{\"@id\":\"https:\/\/clinicaviher.com\/cat\/psicolegs-ejaculacio-precoc\/#primaryimage\"},\"image\":{\"@id\":\"https:\/\/clinicaviher.com\/cat\/psicolegs-ejaculacio-precoc\/#primaryimage\"},\"thumbnailUrl\":\"https:\/\/clinicaviher.com\/cat\/wp-content\/uploads\/2023\/06\/psicologo-eyaculacion-precoz.webp\",\"datePublished\":\"2018-09-19T09:05:41+00:00\",\"dateModified\":\"2023-07-27T09:22:59+00:00\",\"description\":\"CL\u00cdNICA VIHER. Cl\u00ednica de psic\u00f2legs especialistes en tractaments d'ejaculaci\u00f3 preco\u00e7. Tractaments i ter\u00e0pies per a l'ejaculaci\u00f3 preco\u00e7\",\"breadcrumb\":{\"@id\":\"https:\/\/clinicaviher.com\/cat\/psicolegs-ejaculacio-precoc\/#breadcrumb\"},\"inLanguage\":\"es\",\"potentialAction\":[{\"@type\":\"ReadAction\",\"target\":[\"https:\/\/clinicaviher.com\/cat\/psicolegs-ejaculacio-precoc\/\"]}]},{\"@type\":\"ImageObject\",\"inLanguage\":\"es\",\"@id\":\"https:\/\/clinicaviher.com\/cat\/psicolegs-ejaculacio-precoc\/#primaryimage\",\"url\":\"https:\/\/clinicaviher.com\/cat\/wp-content\/uploads\/2023\/06\/psicologo-eyaculacion-precoz.webp\",\"contentUrl\":\"https:\/\/clinicaviher.com\/cat\/wp-content\/uploads\/2023\/06\/psicologo-eyaculacion-precoz.webp\",\"width\":851,\"height\":684,\"caption\":\"psicologo eyaculacion precoz\"},{\"@type\":\"BreadcrumbList\",\"@id\":\"https:\/\/clinicaviher.com\/cat\/psicolegs-ejaculacio-precoc\/#breadcrumb\",\"itemListElement\":[{\"@type\":\"ListItem\",\"position\":1,\"name\":\"Portada\",\"item\":\"https:\/\/clinicaviher.com\/cat\/\"},{\"@type\":\"ListItem\",\"position\":2,\"name\":\"Eyaculaci\u00f3n precoz\"}]},{\"@type\":\"WebSite\",\"@id\":\"https:\/\/clinicaviher.com\/cat\/#website\",\"url\":\"https:\/\/clinicaviher.com\/cat\/\",\"name\":\"Cl\u00ednica Viher\",\"description\":\"Si buscas un psic\u00f3logo en Barcelona, contamos con algunos de los mejores profesionales en psicolog\u00eda, psicoterapia y psicoan\u00e1lisis\",\"publisher\":{\"@id\":\"https:\/\/clinicaviher.com\/cat\/#organization\"},\"potentialAction\":[{\"@type\":\"SearchAction\",\"target\":{\"@type\":\"EntryPoint\",\"urlTemplate\":\"https:\/\/clinicaviher.com\/cat\/?s={search_term_string}\"},\"query-input\":{\"@type\":\"PropertyValueSpecification\",\"valueRequired\":true,\"valueName\":\"search_term_string\"}}],\"inLanguage\":\"es\"},{\"@type\":\"Organization\",\"@id\":\"https:\/\/clinicaviher.com\/cat\/#organization\",\"name\":\"Cl\u00ednica Viher\",\"url\":\"https:\/\/clinicaviher.com\/cat\/\",\"logo\":{\"@type\":\"ImageObject\",\"inLanguage\":\"es\",\"@id\":\"https:\/\/clinicaviher.com\/cat\/#\/schema\/logo\/image\/\",\"url\":\"https:\/\/clinicaviher.com\/cat\/wp-content\/uploads\/2019\/02\/logoviher-new-web.png\",\"contentUrl\":\"https:\/\/clinicaviher.com\/cat\/wp-content\/uploads\/2019\/02\/logoviher-new-web.png\",\"width\":240,\"height\":52,\"caption\":\"Cl\u00ednica Viher\"},\"image\":{\"@id\":\"https:\/\/clinicaviher.com\/cat\/#\/schema\/logo\/image\/\"}}]}<\/script>\n<!-- \/ Yoast SEO plugin. -->","yoast_head_json":{"title":"Ter\u00e0pia ejaculaci\u00f3 preco\u00e7. Tractament ejaculaci\u00f3 preco\u00e7","description":"CL\u00cdNICA VIHER. Cl\u00ednica de psic\u00f2legs especialistes en tractaments d'ejaculaci\u00f3 preco\u00e7. Tractaments i ter\u00e0pies per a l'ejaculaci\u00f3 preco\u00e7","robots":{"index":"index","follow":"follow","max-snippet":"max-snippet:-1","max-image-preview":"max-image-preview:large","max-video-preview":"max-video-preview:-1"},"canonical":"https:\/\/clinicaviher.com\/cat\/psicolegs-ejaculacio-precoc\/","og_locale":"es_ES","og_type":"article","og_title":"Ter\u00e0pia ejaculaci\u00f3 preco\u00e7. Tractament ejaculaci\u00f3 preco\u00e7","og_description":"CL\u00cdNICA VIHER. Cl\u00ednica de psic\u00f2legs especialistes en tractaments d'ejaculaci\u00f3 preco\u00e7. Tractaments i ter\u00e0pies per a l'ejaculaci\u00f3 preco\u00e7","og_url":"https:\/\/clinicaviher.com\/cat\/psicolegs-ejaculacio-precoc\/","og_site_name":"Cl\u00ednica Viher","article_modified_time":"2023-07-27T09:22:59+00:00","og_image":[{"url":"https:\/\/clinicaviher.com\/cat\/wp-content\/uploads\/2023\/06\/psicologo-eyaculacion-precoz.webp","type":"","width":"","height":""}],"twitter_card":"summary_large_image","twitter_misc":{"Tiempo de lectura":"2 minutos"},"schema":{"@context":"https:\/\/schema.org","@graph":[{"@type":"WebPage","@id":"https:\/\/clinicaviher.com\/cat\/psicolegs-ejaculacio-precoc\/","url":"https:\/\/clinicaviher.com\/cat\/psicolegs-ejaculacio-precoc\/","name":"Ter\u00e0pia ejaculaci\u00f3 preco\u00e7. Tractament ejaculaci\u00f3 preco\u00e7","isPartOf":{"@id":"https:\/\/clinicaviher.com\/cat\/#website"},"primaryImageOfPage":{"@id":"https:\/\/clinicaviher.com\/cat\/psicolegs-ejaculacio-precoc\/#primaryimage"},"image":{"@id":"https:\/\/clinicaviher.com\/cat\/psicolegs-ejaculacio-precoc\/#primaryimage"},"thumbnailUrl":"https:\/\/clinicaviher.com\/cat\/wp-content\/uploads\/2023\/06\/psicologo-eyaculacion-precoz.webp","datePublished":"2018-09-19T09:05:41+00:00","dateModified":"2023-07-27T09:22:59+00:00","description":"CL\u00cdNICA VIHER. Cl\u00ednica de psic\u00f2legs especialistes en tractaments d'ejaculaci\u00f3 preco\u00e7. Tractaments i ter\u00e0pies per a l'ejaculaci\u00f3 preco\u00e7","breadcrumb":{"@id":"https:\/\/clinicaviher.com\/cat\/psicolegs-ejaculacio-precoc\/#breadcrumb"},"inLanguage":"es","potentialAction":[{"@type":"ReadAction","target":["https:\/\/clinicaviher.com\/cat\/psicolegs-ejaculacio-precoc\/"]}]},{"@type":"ImageObject","inLanguage":"es","@id":"https:\/\/clinicaviher.com\/cat\/psicolegs-ejaculacio-precoc\/#primaryimage","url":"https:\/\/clinicaviher.com\/cat\/wp-content\/uploads\/2023\/06\/psicologo-eyaculacion-precoz.webp","contentUrl":"https:\/\/clinicaviher.com\/cat\/wp-content\/uploads\/2023\/06\/psicologo-eyaculacion-precoz.webp","width":851,"height":684,"caption":"psicologo eyaculacion precoz"},{"@type":"BreadcrumbList","@id":"https:\/\/clinicaviher.com\/cat\/psicolegs-ejaculacio-precoc\/#breadcrumb","itemListElement":[{"@type":"ListItem","position":1,"name":"Portada","item":"https:\/\/clinicaviher.com\/cat\/"},{"@type":"ListItem","position":2,"name":"Eyaculaci\u00f3n precoz"}]},{"@type":"WebSite","@id":"https:\/\/clinicaviher.com\/cat\/#website","url":"https:\/\/clinicaviher.com\/cat\/","name":"Cl\u00ednica Viher","description":"Si buscas un psic\u00f3logo en Barcelona, contamos con algunos de los mejores profesionales en psicolog\u00eda, psicoterapia y psicoan\u00e1lisis","publisher":{"@id":"https:\/\/clinicaviher.com\/cat\/#organization"},"potentialAction":[{"@type":"SearchAction","target":{"@type":"EntryPoint","urlTemplate":"https:\/\/clinicaviher.com\/cat\/?s={search_term_string}"},"query-input":{"@type":"PropertyValueSpecification","valueRequired":true,"valueName":"search_term_string"}}],"inLanguage":"es"},{"@type":"Organization","@id":"https:\/\/clinicaviher.com\/cat\/#organization","name":"Cl\u00ednica Viher","url":"https:\/\/clinicaviher.com\/cat\/","logo":{"@type":"ImageObject","inLanguage":"es","@id":"https:\/\/clinicaviher.com\/cat\/#\/schema\/logo\/image\/","url":"https:\/\/clinicaviher.com\/cat\/wp-content\/uploads\/2019\/02\/logoviher-new-web.png","contentUrl":"https:\/\/clinicaviher.com\/cat\/wp-content\/uploads\/2019\/02\/logoviher-new-web.png","width":240,"height":52,"caption":"Cl\u00ednica Viher"},"image":{"@id":"https:\/\/clinicaviher.com\/cat\/#\/schema\/logo\/image\/"}}]}},"_links":{"self":[{"href":"https:\/\/clinicaviher.com\/cat\/wp-json\/wp\/v2\/pages\/790"}],"collection":[{"href":"https:\/\/clinicaviher.com\/cat\/wp-json\/wp\/v2\/pages"}],"about":[{"href":"https:\/\/clinicaviher.com\/cat\/wp-json\/wp\/v2\/types\/page"}],"author":[{"embeddable":true,"href":"https:\/\/clinicaviher.com\/cat\/wp-json\/wp\/v2\/users\/1"}],"replies":[{"embeddable":true,"href":"https:\/\/clinicaviher.com\/cat\/wp-json\/wp\/v2\/comments?post=790"}],"version-history":[{"count":15,"href":"https:\/\/clinicaviher.com\/cat\/wp-json\/wp\/v2\/pages\/790\/revisions"}],"predecessor-version":[{"id":2516,"href":"https:\/\/clinicaviher.com\/cat\/wp-json\/wp\/v2\/pages\/790\/revisions\/2516"}],"wp:attachment":[{"href":"https:\/\/clinicaviher.com\/cat\/wp-json\/wp\/v2\/media?parent=790"}],"curies":[{"name":"wp","href":"https:\/\/api.w.org\/{rel}","templated":true}]}}